{"id":71,"date":"2016-03-16T19:40:24","date_gmt":"2016-03-16T18:40:24","guid":{"rendered":"http:\/\/rydultowy.sl.zhp.pl\/?page_id=71"},"modified":"2026-01-28T00:01:08","modified_gmt":"2026-01-27T23:01:08","slug":"wladze-hufca","status":"publish","type":"page","link":"https:\/\/rydultowy.zhp.pl\/index.php\/wladze-hufca\/","title":{"rendered":"W\u0142adze hufca"},"content":{"rendered":"<p><strong>Komenda Hufca &#8222;B\u0142\u0119kitne Niebo&#8221; w Rydu\u0142towach<\/strong><\/p>\n<p style=\"text-align: left;\">phm. Anna Zawadzka &#8211; Komendantka Hufca<\/p>\n<p style=\"text-align: left;\">dh. Marta Guzina &#8211; Skarbnik Hufca<\/p>\n<p>pwd. Kamila Pietroniec &#8211; Z-ca Komendantki ds. programu i pracy z kadr\u0105<\/p>\n<p>pwd. Igor Graniczka &#8211; Z-ca Komendantki ds. organizacyjnych<\/p>\n<p>pwd. Milena Ch\u0142odek &#8211; Cz\u0142onek Komendy Hufca<\/p>\n<p><!--<strong>\nKomisja Rewizyjna Hufca \"B\u0142\u0119kitne Niebo\" w Rydu\u0142towach<\/strong>\n\nhm. Adam Mandera \u2013 Przewodnicz\u0105cy KR\nphm. Ireneusz Kozielski<span data-mce-type=\"bookmark\" style=\"display: inline-block; width: 0px; overflow: hidden; line-height: 0;\" class=\"mce_SELRES_start\"><\/span>--><\/p>\n","protected":false},"excerpt":{"rendered":"<p>Komenda Hufca &#8222;B\u0142\u0119kitne Niebo&#8221; w Rydu\u0142towach phm. Anna Zawadzka &#8211; Komendantka Hufca dh. Marta Guzina &#8211; Skarbnik Hufca pwd. Kamila<\/p>\n","protected":false},"author":14,"featured_media":0,"parent":0,"menu_order":0,"comment_status":"closed","ping_status":"closed","template":"","meta":{"footnotes":""},"class_list":["post-71","page","type-page","status-publish","hentry"],"_links":{"self":[{"href":"https:\/\/rydultowy.zhp.pl\/index.php\/wp-json\/wp\/v2\/pages\/71","targetHints":{"allow":["GET"]}}],"collection":[{"href":"https:\/\/rydultowy.zhp.pl\/index.php\/wp-json\/wp\/v2\/pages"}],"about":[{"href":"https:\/\/rydultowy.zhp.pl\/index.php\/wp-json\/wp\/v2\/types\/page"}],"author":[{"embeddable":true,"href":"https:\/\/rydultowy.zhp.pl\/index.php\/wp-json\/wp\/v2\/users\/14"}],"replies":[{"embeddable":true,"href":"https:\/\/rydultowy.zhp.pl\/index.php\/wp-json\/wp\/v2\/comments?post=71"}],"version-history":[{"count":20,"href":"https:\/\/rydultowy.zhp.pl\/index.php\/wp-json\/wp\/v2\/pages\/71\/revisions"}],"predecessor-version":[{"id":1953,"href":"https:\/\/rydultowy.zhp.pl\/index.php\/wp-json\/wp\/v2\/pages\/71\/revisions\/1953"}],"wp:attachment":[{"href":"https:\/\/rydultowy.zhp.pl\/index.php\/wp-json\/wp\/v2\/media?parent=71"}],"curies":[{"name":"wp","href":"https:\/\/api.w.org\/{rel}","templated":true}]}}