{"id":7,"date":"2016-03-16T19:27:10","date_gmt":"2016-03-16T18:27:10","guid":{"rendered":"http:\/\/rydultowy.sl.zhp.pl\/?page_id=7"},"modified":"2025-05-09T22:42:25","modified_gmt":"2025-05-09T20:42:25","slug":"kontakt","status":"publish","type":"page","link":"https:\/\/rydultowy.zhp.pl\/index.php\/kontakt\/","title":{"rendered":"Kontakt"},"content":{"rendered":"<p><center>ZWI\u0104ZEK HARCERSTWA POLSKIEGO<center>CHOR\u0104GIEW \u015aL\u0104SKA<br \/>\nKOMENDA HUFCA RYDU\u0141TOWY<\/center>ul. Ofiar Terroru 99<br \/>\n44-280 Rydu\u0142towy<br \/>\nNIP: 634-019-54-83<br \/>\n<span style=\"line-height: 1.5;\">REGON: 240572621<\/span><\/center><\/p>\n<p style=\"text-align: center;\">Hufcowe konto bankowe mBank<br \/>\nnr konta: 20 1140 1010 0000 4717 8000 1001<\/p>\n<hr \/>\n<p><strong>Biuro Hufca<\/strong><b><br \/>\n<\/b>tel. 510 096 538<br \/>\nE-mail: rydultowy@zhp.pl<\/p>\n<p style=\"text-align: left;\"><strong>Komendantka Hufca &#8211; phm. Anna Zawadzka<\/strong><b><br \/>\n<\/b>tel. 501 039 431<br \/>\nE-mail: anna.zawadzka1@zhp.net.pl<\/p>\n<p style=\"text-align: left;\"><strong>Skarbnik Hufca &#8211; dh. Marta Guzina<\/strong><br \/>\nE-mail: marta.guzina@zhp.pl<\/p>\n<p style=\"text-align: left;\"><strong>Z-ca Komendantki ds. programu i pracy z kadr\u0105 &#8211; pwd. Julia Rduch<br \/>\n<\/strong>E-mail: julia.rduch@zhp.net.pl<\/p>\n<p style=\"text-align: left;\"><strong>Z-ca Komendantki ds. o\u015brodka harcerskiego w Jele\u015bni &#8211; pwd. Igor Graniczka<br \/>\n<\/strong>E-mail: igor.graniczka@zhp.pl<\/p>\n<hr \/>\n<p><center><strong>Godziny otwarcia biura:<\/strong><\/center><center>Wtorek<\/center><center>17:00-19:00<\/center><\/p>\n<hr \/>\n<p><center><\/center><center><iframe loading=\"lazy\" src=\"https:\/\/www.google.com\/maps\/embed?pb=!1m18!1m12!1m3!1d2561.031038897831!2d18.429183965606683!3d50.0669803530071!2m3!1f0!2f0!3f0!3m2!1i1024!2i768!4f13.1!3m3!1m2!1s0x4711456d26705637%3A0xeaf5d7256cd7bc96!2sOfiar+Terroru+99!5e0!3m2!1spl!2spl!4v1397209478584\" width=\"500\" height=\"450\" frameborder=\"0\"><span data-mce-type=\"bookmark\" style=\"display: inline-block; width: 0px; overflow: hidden; line-height: 0;\" class=\"mce_SELRES_start\">\ufeff<\/span><span data-mce-type=\"bookmark\" style=\"display: inline-block; width: 0px; overflow: hidden; line-height: 0;\" class=\"mce_SELRES_start\">\ufeff<\/span><span data-mce-type=\"bookmark\" style=\"display: inline-block; width: 0px; overflow: hidden; line-height: 0;\" class=\"mce_SELRES_start\">\ufeff<\/span><\/iframe><\/center><\/p>\n","protected":false},"excerpt":{"rendered":"<p>ZWI\u0104ZEK HARCERSTWA POLSKIEGOCHOR\u0104GIEW \u015aL\u0104SKA KOMENDA HUFCA RYDU\u0141TOWYul. Ofiar Terroru 99 44-280 Rydu\u0142towy NIP: 634-019-54-83 REGON: 240572621 Hufcowe konto bankowe mBank<\/p>\n","protected":false},"author":14,"featured_media":0,"parent":0,"menu_order":0,"comment_status":"closed","ping_status":"closed","template":"","meta":{"footnotes":""},"class_list":["post-7","page","type-page","status-publish","hentry"],"_links":{"self":[{"href":"https:\/\/rydultowy.zhp.pl\/index.php\/wp-json\/wp\/v2\/pages\/7","targetHints":{"allow":["GET"]}}],"collection":[{"href":"https:\/\/rydultowy.zhp.pl\/index.php\/wp-json\/wp\/v2\/pages"}],"about":[{"href":"https:\/\/rydultowy.zhp.pl\/index.php\/wp-json\/wp\/v2\/types\/page"}],"author":[{"embeddable":true,"href":"https:\/\/rydultowy.zhp.pl\/index.php\/wp-json\/wp\/v2\/users\/14"}],"replies":[{"embeddable":true,"href":"https:\/\/rydultowy.zhp.pl\/index.php\/wp-json\/wp\/v2\/comments?post=7"}],"version-history":[{"count":28,"href":"https:\/\/rydultowy.zhp.pl\/index.php\/wp-json\/wp\/v2\/pages\/7\/revisions"}],"predecessor-version":[{"id":2016,"href":"https:\/\/rydultowy.zhp.pl\/index.php\/wp-json\/wp\/v2\/pages\/7\/revisions\/2016"}],"wp:attachment":[{"href":"https:\/\/rydultowy.zhp.pl\/index.php\/wp-json\/wp\/v2\/media?parent=7"}],"curies":[{"name":"wp","href":"https:\/\/api.w.org\/{rel}","templated":true}]}}