{"id":43,"date":"2016-03-16T19:35:52","date_gmt":"2016-03-16T18:35:52","guid":{"rendered":"http:\/\/rydultowy.sl.zhp.pl\/?page_id=43"},"modified":"2016-03-16T19:35:52","modified_gmt":"2016-03-16T18:35:52","slug":"rozkazy-2015","status":"publish","type":"page","link":"https:\/\/rydultowy.zhp.pl\/index.php\/rozkazy-2015\/","title":{"rendered":"Rozkazy 2015"},"content":{"rendered":"<p><b>L1\/2015<\/b><br \/>\n<a href=\"http:\/\/www.hufiec-rydultowy.cba.pl\/pliki\/Rozkazy\/L1-2015.doc\">L1\/2015<\/a><\/p>\n<hr \/>\n<p><b>L2\/2015<\/b><br \/>\n<a href=\"http:\/\/www.hufiec-rydultowy.cba.pl\/pliki\/Rozkazy\/L2-2015.doc\">L2\/2015<\/a><\/p>\n<p><b>Za\u0142\u0105cznik nr 1<\/b><br \/>\n<a href=\"http:\/\/www.hufiec-rydultowy.cba.pl\/pliki\/Rozkazy\/L2-2015_zalacznik_1.doc\">Za\u0142\u0105cznik nr 1<\/a><\/p>\n<p><b>Za\u0142\u0105cznik nr 2<\/b><br \/>\n<a href=\"http:\/\/www.hufiec-rydultowy.cba.pl\/pliki\/Rozkazy\/L2-2015_zalacznik_2.doc\">Za\u0142\u0105cznik nr 2<\/a><\/p>\n<hr \/>\n<p><b>L3\/2015<\/b><br \/>\n<a href=\"http:\/\/www.hufiec-rydultowy.cba.pl\/pliki\/Rozkazy\/L3-2015.doc\">L3-2015<\/a><\/p>\n<hr \/>\n<p><b>L4\/2015<\/b><br \/>\n<a href=\"http:\/\/www.hufiec-rydultowy.cba.pl\/pliki\/Rozkazy\/L4-2015.doc\">L4-2015<\/a><\/p>\n<hr \/>\n<p><b>L5\/2015<\/b><br \/>\n<a href=\"http:\/\/www.hufiec-rydultowy.cba.pl\/pliki\/Rozkazy\/L5-2015.doc\">L5-2015<\/a><\/p>\n<hr \/>\n<p><b>L6\/2015<\/b><br \/>\n<a href=\"http:\/\/www.hufiec-rydultowy.cba.pl\/pliki\/Rozkazy\/L6-2015.doc\">L6-2015<\/a><\/p>\n<hr \/>\n<p><b>L7\/2015<\/b><br \/>\n<a href=\"http:\/\/www.hufiec-rydultowy.cba.pl\/pliki\/Rozkazy\/L7-2015.doc\">L7-2015<\/a><\/p>\n<hr \/>\n<p><b>L8\/2015<\/b><br \/>\n<a href=\"http:\/\/www.hufiec-rydultowy.cba.pl\/pliki\/Rozkazy\/L8-2015.doc\">L8-2015<\/a><\/p>\n<p>&nbsp;<\/p>\n<hr \/>\n<p><b>L9\/2015<\/b><br \/>\n<a href=\"http:\/\/hufiec-rydultowy.cba.pl\/pliki\/Rozkazy\/L9-2015.doc\">L9-2015<\/a><\/p>\n<hr \/>\n<p><b>L10\/2015<\/b><br \/>\n<a href=\"http:\/\/hufiec-rydultowy.cba.pl\/pliki\/Rozkazy\/L10-2015.doc\">L10-2015<\/a><\/p>\n","protected":false},"excerpt":{"rendered":"<p>L1\/2015 L1\/2015 L2\/2015 L2\/2015 Za\u0142\u0105cznik nr 1 Za\u0142\u0105cznik nr 1 Za\u0142\u0105cznik nr 2 Za\u0142\u0105cznik nr 2 L3\/2015 L3-2015 L4\/2015 L4-2015<\/p>\n","protected":false},"author":14,"featured_media":0,"parent":0,"menu_order":0,"comment_status":"closed","ping_status":"closed","template":"","meta":{"footnotes":""},"class_list":["post-43","page","type-page","status-publish","hentry"],"_links":{"self":[{"href":"https:\/\/rydultowy.zhp.pl\/index.php\/wp-json\/wp\/v2\/pages\/43","targetHints":{"allow":["GET"]}}],"collection":[{"href":"https:\/\/rydultowy.zhp.pl\/index.php\/wp-json\/wp\/v2\/pages"}],"about":[{"href":"https:\/\/rydultowy.zhp.pl\/index.php\/wp-json\/wp\/v2\/types\/page"}],"author":[{"embeddable":true,"href":"https:\/\/rydultowy.zhp.pl\/index.php\/wp-json\/wp\/v2\/users\/14"}],"replies":[{"embeddable":true,"href":"https:\/\/rydultowy.zhp.pl\/index.php\/wp-json\/wp\/v2\/comments?post=43"}],"version-history":[{"count":1,"href":"https:\/\/rydultowy.zhp.pl\/index.php\/wp-json\/wp\/v2\/pages\/43\/revisions"}],"predecessor-version":[{"id":44,"href":"https:\/\/rydultowy.zhp.pl\/index.php\/wp-json\/wp\/v2\/pages\/43\/revisions\/44"}],"wp:attachment":[{"href":"https:\/\/rydultowy.zhp.pl\/index.php\/wp-json\/wp\/v2\/media?parent=43"}],"curies":[{"name":"wp","href":"https:\/\/api.w.org\/{rel}","templated":true}]}}