{"id":22,"date":"2016-03-16T19:30:34","date_gmt":"2016-03-16T18:30:34","guid":{"rendered":"http:\/\/rydultowy.sl.zhp.pl\/?page_id=22"},"modified":"2017-10-20T10:54:52","modified_gmt":"2017-10-20T08:54:52","slug":"kluby","status":"publish","type":"page","link":"https:\/\/rydultowy.zhp.pl\/index.php\/kluby\/","title":{"rendered":"Kluby"},"content":{"rendered":"<p>Harcerski Kr\u0105g Seniora, Starszyzny i Sympatyk\u00f3w: phm. Leszek Adamczyk<br \/>\nHarcerski Zesp\u00f3\u0142 Muzyczny&#8221;8 Dzie\u0144 Tygodnia&#8221;: dh.\u00a0Emilia Szurek<br \/>\nHarcerski Klub Krwiodawstwa: dh. Przemys\u0142aw Procek<br \/>\nHarcerski Klub Muzyczny: Zesp\u00f3\u0142 Famili Skaut<\/p>\n","protected":false},"excerpt":{"rendered":"<p>Harcerski Kr\u0105g Seniora, Starszyzny i Sympatyk\u00f3w: phm. Leszek Adamczyk Harcerski Zesp\u00f3\u0142 Muzyczny&#8221;8 Dzie\u0144 Tygodnia&#8221;: dh.\u00a0Emilia Szurek Harcerski Klub Krwiodawstwa: dh.<\/p>\n","protected":false},"author":14,"featured_media":0,"parent":0,"menu_order":0,"comment_status":"closed","ping_status":"closed","template":"","meta":{"footnotes":""},"class_list":["post-22","page","type-page","status-publish","hentry"],"_links":{"self":[{"href":"https:\/\/rydultowy.zhp.pl\/index.php\/wp-json\/wp\/v2\/pages\/22","targetHints":{"allow":["GET"]}}],"collection":[{"href":"https:\/\/rydultowy.zhp.pl\/index.php\/wp-json\/wp\/v2\/pages"}],"about":[{"href":"https:\/\/rydultowy.zhp.pl\/index.php\/wp-json\/wp\/v2\/types\/page"}],"author":[{"embeddable":true,"href":"https:\/\/rydultowy.zhp.pl\/index.php\/wp-json\/wp\/v2\/users\/14"}],"replies":[{"embeddable":true,"href":"https:\/\/rydultowy.zhp.pl\/index.php\/wp-json\/wp\/v2\/comments?post=22"}],"version-history":[{"count":6,"href":"https:\/\/rydultowy.zhp.pl\/index.php\/wp-json\/wp\/v2\/pages\/22\/revisions"}],"predecessor-version":[{"id":964,"href":"https:\/\/rydultowy.zhp.pl\/index.php\/wp-json\/wp\/v2\/pages\/22\/revisions\/964"}],"wp:attachment":[{"href":"https:\/\/rydultowy.zhp.pl\/index.php\/wp-json\/wp\/v2\/media?parent=22"}],"curies":[{"name":"wp","href":"https:\/\/api.w.org\/{rel}","templated":true}]}}