{"id":206,"date":"2016-03-24T19:32:18","date_gmt":"2016-03-24T18:32:18","guid":{"rendered":"http:\/\/rydultowy.sl.zhp.pl\/?page_id=206"},"modified":"2025-07-07T18:32:33","modified_gmt":"2025-07-07T16:32:33","slug":"kontakt-z-mediami","status":"publish","type":"page","link":"https:\/\/rydultowy.zhp.pl\/index.php\/kontakt-z-mediami\/","title":{"rendered":"Kontakt z mediami"},"content":{"rendered":"<p style=\"text-align: left;\"><strong>Administrator strony internetowej oraz medi\u00f3w spo\u0142eczno\u015bciowych hufca &#8211; pwd. Krzysztof Ka\u0142a<\/strong><br \/>\nE-mail: krzysztof.kala@zhp.net.pl<\/p>\n<p style=\"text-align: left;\"><strong>Dla Dru\u017cynowych<\/strong><br \/>\n<a href=\"https:\/\/forms.office.com\/e\/ewHnnBvn0j\" target=\"_blank\" rel=\"noopener\">Wniosek o publikacj\u0119 posta\/wydarzenia w mediach spo\u0142eczno\u015bciowych<\/a><\/p>\n","protected":false},"excerpt":{"rendered":"<p>Administrator strony internetowej oraz medi\u00f3w spo\u0142eczno\u015bciowych hufca &#8211; pwd. Krzysztof Ka\u0142a E-mail: krzysztof.kala@zhp.net.pl Dla Dru\u017cynowych Wniosek o publikacj\u0119 posta\/wydarzenia w<\/p>\n","protected":false},"author":14,"featured_media":0,"parent":0,"menu_order":0,"comment_status":"closed","ping_status":"closed","template":"","meta":{"footnotes":""},"class_list":["post-206","page","type-page","status-publish","hentry"],"_links":{"self":[{"href":"https:\/\/rydultowy.zhp.pl\/index.php\/wp-json\/wp\/v2\/pages\/206","targetHints":{"allow":["GET"]}}],"collection":[{"href":"https:\/\/rydultowy.zhp.pl\/index.php\/wp-json\/wp\/v2\/pages"}],"about":[{"href":"https:\/\/rydultowy.zhp.pl\/index.php\/wp-json\/wp\/v2\/types\/page"}],"author":[{"embeddable":true,"href":"https:\/\/rydultowy.zhp.pl\/index.php\/wp-json\/wp\/v2\/users\/14"}],"replies":[{"embeddable":true,"href":"https:\/\/rydultowy.zhp.pl\/index.php\/wp-json\/wp\/v2\/comments?post=206"}],"version-history":[{"count":4,"href":"https:\/\/rydultowy.zhp.pl\/index.php\/wp-json\/wp\/v2\/pages\/206\/revisions"}],"predecessor-version":[{"id":2023,"href":"https:\/\/rydultowy.zhp.pl\/index.php\/wp-json\/wp\/v2\/pages\/206\/revisions\/2023"}],"wp:attachment":[{"href":"https:\/\/rydultowy.zhp.pl\/index.php\/wp-json\/wp\/v2\/media?parent=206"}],"curies":[{"name":"wp","href":"https:\/\/api.w.org\/{rel}","templated":true}]}}