{"id":16,"date":"2016-03-16T19:29:01","date_gmt":"2016-03-16T18:29:01","guid":{"rendered":"http:\/\/rydultowy.sl.zhp.pl\/?page_id=16"},"modified":"2025-03-30T17:54:41","modified_gmt":"2025-03-30T15:54:41","slug":"gromady-zuchowe","status":"publish","type":"page","link":"https:\/\/rydultowy.zhp.pl\/index.php\/gromady-zuchowe\/","title":{"rendered":"Gromady zuchowe"},"content":{"rendered":"<ul>\n<li><strong>5 Gromada Zuchowa &#8222;Brygada Spongeboba&#8221;<\/strong><\/li>\n<li style=\"list-style-type: none;\">Dru\u017cynowa &#8211; dh. Magdalena Zawadzka &#8211; magdalena.zawadzka@zhp.net.pl<\/li>\n<\/ul>\n<p>\n5 Gromada Zuchowa &#8222;Brygada SpongeBoba&#8221;- W swoje szeregi przyjmujemy dzieci w wieku 6-10 lat, kt\u00f3re chc\u0105 pozna\u0107 nowych przyjaci\u00f3\u0142 i odkry\u0107 nowe pasje. Nasza gromada zawsze jest ch\u0119tna do zabawy i nie tolerujemy nudy. Wszystkie zuchy \u015bwietnie wsp\u00f3\u0142pracuj\u0105, zach\u0119caj\u0105c do wsp\u00f3lnej zabawy nawet najbardziej nie\u015bmia\u0142e osoby.<br \/>\nNa ka\u017cdej zbi\u00f3rce rozwijamy si\u0119 i zdobywamy now\u0105 wiedz\u0119 i umiej\u0119tno\u015bci poprzez realizacj\u0119 zada\u0144 zespo\u0142owych i sprawno\u015bci.<\/p>\n","protected":false},"excerpt":{"rendered":"<p>5 Gromada Zuchowa &#8222;Brygada Spongeboba&#8221; Dru\u017cynowa &#8211; dh. Magdalena Zawadzka &#8211; magdalena.zawadzka@zhp.net.pl 5 Gromada Zuchowa &#8222;Brygada SpongeBoba&#8221;- W swoje szeregi<\/p>\n","protected":false},"author":14,"featured_media":0,"parent":0,"menu_order":0,"comment_status":"closed","ping_status":"closed","template":"","meta":{"footnotes":""},"class_list":["post-16","page","type-page","status-publish","hentry"],"_links":{"self":[{"href":"https:\/\/rydultowy.zhp.pl\/index.php\/wp-json\/wp\/v2\/pages\/16","targetHints":{"allow":["GET"]}}],"collection":[{"href":"https:\/\/rydultowy.zhp.pl\/index.php\/wp-json\/wp\/v2\/pages"}],"about":[{"href":"https:\/\/rydultowy.zhp.pl\/index.php\/wp-json\/wp\/v2\/types\/page"}],"author":[{"embeddable":true,"href":"https:\/\/rydultowy.zhp.pl\/index.php\/wp-json\/wp\/v2\/users\/14"}],"replies":[{"embeddable":true,"href":"https:\/\/rydultowy.zhp.pl\/index.php\/wp-json\/wp\/v2\/comments?post=16"}],"version-history":[{"count":11,"href":"https:\/\/rydultowy.zhp.pl\/index.php\/wp-json\/wp\/v2\/pages\/16\/revisions"}],"predecessor-version":[{"id":2008,"href":"https:\/\/rydultowy.zhp.pl\/index.php\/wp-json\/wp\/v2\/pages\/16\/revisions\/2008"}],"wp:attachment":[{"href":"https:\/\/rydultowy.zhp.pl\/index.php\/wp-json\/wp\/v2\/media?parent=16"}],"curies":[{"name":"wp","href":"https:\/\/api.w.org\/{rel}","templated":true}]}}