{"id":12,"date":"2016-03-16T19:28:18","date_gmt":"2016-03-16T18:28:18","guid":{"rendered":"http:\/\/rydultowy.sl.zhp.pl\/?page_id=12"},"modified":"2025-03-30T18:44:20","modified_gmt":"2025-03-30T16:44:20","slug":"druzyny","status":"publish","type":"page","link":"https:\/\/rydultowy.zhp.pl\/index.php\/druzyny\/","title":{"rendered":"Dru\u017cyny"},"content":{"rendered":"<ul>\n<li><strong>1 Wielopoziomowa Dru\u017cyna Harcerska &#8222;Strumie\u0144&#8221;<\/strong><\/li>\n<li style=\"list-style-type: none;\">Dru\u017cynowy &#8211; dh. Filip Guzina &#8211; filip.guzina@zhp.pl<\/li>\n<\/ul>\n<p>1 WDH &#8222;Strumie\u0144&#8221; \u2013 dru\u017cyna zawsze otwarta na nowe twarze, pe\u0142na energii i przyjaznej atmosfery. Na zbi\u00f3rki zapraszamy dzieci i m\u0142odzie\u017c w wieku od 10 do 18 lat. Na spotkaniach realizujemy stopnie i sprawno\u015bci zwi\u0105zane z marzeniami: od rzeczy artystycznych, przez sportowe, a\u017c po naukowe \u2013 ka\u017cdy znajdzie tu co\u015b dla siebie. Widzimy si\u0119 w ka\u017cd\u0105 sobot\u0119 w godzinach 11:00\u201313:00, w salce przy ko\u015bciele \u015bw. Jacka w Rydu\u0142towach.<\/p>\n<ul>\n<li><strong>11 Wielopoziomowa Dru\u017cyna Harcerska &#8222;Wega&#8221;\u00a0<\/strong><\/li>\n<li style=\"list-style-type: none;\">Dru\u017cynowa &#8211; dh. Wiktoria Swoboda &#8211; wiktoria.swoboda@zhp.pl<\/li>\n<\/ul>\n<p>11 Wielopoziomowa Dru\u017cyna Harcerska &#8222;Wega&#8221; &#8211; zgrana dru\u017cyna pe\u0142na talent\u00f3w i wyj\u0105tkowych osobowo\u015bci, \u0142\u0105cz\u0105cych atmosfer\u0119 rodzinnej wsp\u00f3lnoty z otwarto\u015bci\u0105 na nowych cz\u0142onk\u00f3w. Zawsze gotowi do dzia\u0142ania, z energi\u0105 i zaanga\u017cowaniem d\u0105\u017cymy do wsp\u00f3lnych cel\u00f3w.<br \/>\nGdzie odbywaj\u0105 si\u0119 zbi\u00f3rki? Rydu\u0142towy Ofiar Terroru 70<br \/>\nKiedy? W ka\u017cd\u0105 sobot\u0119<br \/>\nKogo zapraszamy? Wszystkie ch\u0119tne osoby w wieku 10-18 lat<\/p>\n<p><a href=\"https:\/\/www.facebook.com\/share\/1CE6ZYs57w\/\" target=\"_blank\" rel=\"noopener\"><img loading=\"lazy\" decoding=\"async\" class=\"alignnone\" src=\"https:\/\/rydultowy.zhp.pl\/wp-content\/uploads\/2025\/03\/fb_logo.png\" alt=\"\" width=\"50\" height=\"50\" \/><\/a> \u00a0<a href=\"https:\/\/www.instagram.com\/11_wdh_wega?igsh=NzJsbmdqczYxZ2Qx\" target=\"_blank\" rel=\"noopener\"><img loading=\"lazy\" decoding=\"async\" class=\"alignnone\" src=\"https:\/\/rydultowy.zhp.pl\/wp-content\/uploads\/2025\/03\/insta_logo.png\" alt=\"\" width=\"50\" height=\"50\" \/><\/a><\/p>\n<ul>\n<li><strong>29 Wielopoziomowa Dru\u017cyna Harcerska &#8222;Promyki Szcz\u0119\u015bcia&#8221;<\/strong><\/li>\n<li style=\"list-style-type: none;\">Dru\u017cynowa &#8211; pwd. Kamila Pietroniec &#8211; kamila.pietroniec@zhp.pl<\/li>\n<\/ul>\n<p>29 WDH &#8222;Promyki Szcz\u0119\u015bcia&#8221; &#8211; dru\u017cyna wielu talent\u00f3w oraz bardzo wspania\u0142ych harcerzy. Weso\u0142a, rozgadana wr\u0119cz szalona. Jeste\u015bmy zawsze u\u015bmiechni\u0119ci, pe\u0142ni energii i zawsze gotowi do dzia\u0142ania!<\/p>\n<p>&#8222;Promyki Szcz\u0119\u015bcia&#8221; to dru\u017cyna wielopoziomowa pracuj\u0105ca z harcerzami 10-18 lat. Dru\u017cyna jest prowadzona przez dru\u017cynow\u0105 pwd Kamil\u0119 Pietroniec na czele z przybocznymi: pwd Igorem Graniczka oraz dh Hann\u0105 Ryfczak. Aktualnie posiadamy dwa zast\u0119py, a ich zast\u0119powi uwielbiaj\u0105 podejmowa\u0107 si\u0119 wyzwa\u0144 zwi\u0105zanych z organizacj\u0105 wycieczek.<\/p>\n<p>Zbi\u00f3rki odbywaj\u0105 si\u0119 w ka\u017cd\u0105 sobot\u0119 w godzinach 10-11.30 w harc\u00f3wce na ulicy Ofiar Terroru 99, jednak\u017ce ze wzgl\u0119du na r\u00f3\u017cnorodno\u015b\u0107 zaj\u0119\u0107 prosimy o wiadomo\u015b\u0107 przed przyj\u015bciem na naszym Facebooku<\/p>\n<p><a href=\"https:\/\/www.facebook.com\/share\/1KJEq8ummi\/\" target=\"_blank\" rel=\"noopener\"><img loading=\"lazy\" decoding=\"async\" class=\"alignnone\" src=\"https:\/\/rydultowy.zhp.pl\/wp-content\/uploads\/2025\/03\/fb_logo.png\" alt=\"\" width=\"50\" height=\"50\" \/><\/a><\/p>\n","protected":false},"excerpt":{"rendered":"<p>1 Wielopoziomowa Dru\u017cyna Harcerska &#8222;Strumie\u0144&#8221; Dru\u017cynowy &#8211; dh. Filip Guzina &#8211; filip.guzina@zhp.pl 1 WDH &#8222;Strumie\u0144&#8221; \u2013 dru\u017cyna zawsze otwarta na<\/p>\n","protected":false},"author":14,"featured_media":0,"parent":0,"menu_order":0,"comment_status":"closed","ping_status":"closed","template":"","meta":{"footnotes":""},"class_list":["post-12","page","type-page","status-publish","hentry"],"_links":{"self":[{"href":"https:\/\/rydultowy.zhp.pl\/index.php\/wp-json\/wp\/v2\/pages\/12","targetHints":{"allow":["GET"]}}],"collection":[{"href":"https:\/\/rydultowy.zhp.pl\/index.php\/wp-json\/wp\/v2\/pages"}],"about":[{"href":"https:\/\/rydultowy.zhp.pl\/index.php\/wp-json\/wp\/v2\/types\/page"}],"author":[{"embeddable":true,"href":"https:\/\/rydultowy.zhp.pl\/index.php\/wp-json\/wp\/v2\/users\/14"}],"replies":[{"embeddable":true,"href":"https:\/\/rydultowy.zhp.pl\/index.php\/wp-json\/wp\/v2\/comments?post=12"}],"version-history":[{"count":13,"href":"https:\/\/rydultowy.zhp.pl\/index.php\/wp-json\/wp\/v2\/pages\/12\/revisions"}],"predecessor-version":[{"id":2009,"href":"https:\/\/rydultowy.zhp.pl\/index.php\/wp-json\/wp\/v2\/pages\/12\/revisions\/2009"}],"wp:attachment":[{"href":"https:\/\/rydultowy.zhp.pl\/index.php\/wp-json\/wp\/v2\/media?parent=12"}],"curies":[{"name":"wp","href":"https:\/\/api.w.org\/{rel}","templated":true}]}}